{"id":14,"date":"2012-08-16T08:29:49","date_gmt":"2012-08-16T08:29:49","guid":{"rendered":"http:\/\/wp11061300.wp371.webpack.hosteurope.de\/durv\/?page_id=14"},"modified":"2015-08-11T10:31:54","modified_gmt":"2015-08-11T08:31:54","slug":"der-verein","status":"publish","type":"page","link":"https:\/\/durv.grafrath-staedtepartner.de\/?page_id=14","title":{"rendered":"Der Verein"},"content":{"rendered":"<p><strong>Deutsch \u2013 Ungarisch \u2013 Rum\u00e4nischer Verein Grafrath e.V.<\/strong><\/p>\n<p>Der Deutsch-Ungarisch-Rum\u00e4nische Verein Grafrath ist ein eingetragener Verein, der die Gemeinde Grafrath bei seinen Partnerschaften mit Polgardi in Ungarn und Petrifeld in Rum\u00e4nien unterst\u00fctzt und der speziell die humanit\u00e4re, soziale und kulturelle Seite der Partnerschaft \u00fcbernommen hat.<\/p>\n<p>Der Verein wurde im Juli 1996 gegr\u00fcndet.<\/p>\n<p>Unser Verein hat derzeit ca. 50 Mitglieder. Aber daneben werden wir von sehr vielen Gemeindeb\u00fcrgern bei einzelnen Projekten tatkr\u00e4ftig unterst\u00fctzt. Unser Verein ist sehr gut in das \u00f6rtliche Vereinsleben eingebunden.<\/p>\n<p>Als Beispiel sei hier nur genannt, dass wir jedes Jahr beim Grafrather Christkindlmarkt vertreten sind, und neben handwerklichen Produkten aus unseren Partnergemeinden ungarische Gulaschsuppe anbieten.<\/p>\n<p>Informieren Sie sich; werden Sie Mitglied!<\/p>\n<p>&nbsp;<\/p>\n<div id=\"attachment_66\" style=\"width: 925px\" class=\"wp-caption aligncenter\"><a href=\"http:\/\/durv.grafrath-staedtepartner.de\/wp-content\/uploads\/2012\/08\/Feuerwehrauto.jpg\"><img loading=\"lazy\" decoding=\"async\" aria-describedby=\"caption-attachment-66\" class=\"size-full wp-image-66\" src=\"http:\/\/durv.grafrath-staedtepartner.de\/wp-content\/uploads\/2012\/08\/Feuerwehrauto.jpg\" alt=\"....damit hat 1993 alles angefangen! Altes Feuerwehrauto aus Grafrath f\u00fcr Petrifeld\" width=\"915\" height=\"630\" srcset=\"https:\/\/durv.grafrath-staedtepartner.de\/wp-content\/uploads\/2012\/08\/Feuerwehrauto.jpg 915w, https:\/\/durv.grafrath-staedtepartner.de\/wp-content\/uploads\/2012\/08\/Feuerwehrauto-300x206.jpg 300w, https:\/\/durv.grafrath-staedtepartner.de\/wp-content\/uploads\/2012\/08\/Feuerwehrauto-435x300.jpg 435w\" sizes=\"(max-width: 915px) 100vw, 915px\" \/><\/a><p id=\"caption-attachment-66\" class=\"wp-caption-text\">&#8230;.damit hat 1993 alles angefangen!<br \/>Altes Feuerwehrauto aus Grafrath f\u00fcr Petrifeld<\/p><\/div>\n","protected":false},"excerpt":{"rendered":"<p>Deutsch \u2013 Ungarisch \u2013 Rum\u00e4nischer Verein Grafrath e.V. Der Deutsch-Ungarisch-Rum\u00e4nische Verein Grafrath ist ein eingetragener Verein, der die Gemeinde Grafrath bei seinen Partnerschaften mit Polgardi in Ungarn und Petrifeld in Rum\u00e4nien unterst\u00fctzt und der speziell die humanit\u00e4re, soziale und kulturelle &hellip; <a href=\"https:\/\/durv.grafrath-staedtepartner.de\/?page_id=14\">Weiterlesen <span class=\"meta-nav\">&rarr;<\/span><\/a><\/p>\n","protected":false},"author":1,"featured_media":0,"parent":0,"menu_order":0,"comment_status":"open","ping_status":"open","template":"","meta":{"footnotes":""},"class_list":["post-14","page","type-page","status-publish","hentry"],"_links":{"self":[{"href":"https:\/\/durv.grafrath-staedtepartner.de\/index.php?rest_route=\/wp\/v2\/pages\/14"}],"collection":[{"href":"https:\/\/durv.grafrath-staedtepartner.de\/index.php?rest_route=\/wp\/v2\/pages"}],"about":[{"href":"https:\/\/durv.grafrath-staedtepartner.de\/index.php?rest_route=\/wp\/v2\/types\/page"}],"author":[{"embeddable":true,"href":"https:\/\/durv.grafrath-staedtepartner.de\/index.php?rest_route=\/wp\/v2\/users\/1"}],"replies":[{"embeddable":true,"href":"https:\/\/durv.grafrath-staedtepartner.de\/index.php?rest_route=%2Fwp%2Fv2%2Fcomments&post=14"}],"version-history":[{"count":6,"href":"https:\/\/durv.grafrath-staedtepartner.de\/index.php?rest_route=\/wp\/v2\/pages\/14\/revisions"}],"predecessor-version":[{"id":405,"href":"https:\/\/durv.grafrath-staedtepartner.de\/index.php?rest_route=\/wp\/v2\/pages\/14\/revisions\/405"}],"wp:attachment":[{"href":"https:\/\/durv.grafrath-staedtepartner.de\/index.php?rest_route=%2Fwp%2Fv2%2Fmedia&parent=14"}],"curies":[{"name":"wp","href":"https:\/\/api.w.org\/{rel}","templated":true}]}}